{"id":161,"date":"2015-08-18T19:07:54","date_gmt":"2015-08-18T19:07:54","guid":{"rendered":"http:\/\/www.regulationmaster.com\/mbu\/?page_id=161"},"modified":"2016-01-09T18:30:54","modified_gmt":"2016-01-09T18:30:54","slug":"ebenholzross","status":"publish","type":"page","link":"https:\/\/www.knowg.com\/mbu\/ebenholzross\/","title":{"rendered":"&#8217;s Ebeholzross"},"content":{"rendered":"<p><strong>Ein M\u00e4rchen aus 1001 Nacht (ab 5 Jahren)<br \/>\n<\/strong><strong>Inszenierung und Regie: Ji\u0159\u1f77 Jaro\u0161<\/strong><\/p>\n<p>Prinz Kasim fliegt mit dem Ebenholzpferd in ein fremdes Land und lernt die bezaubernde Prinzessin Schatri kennen und lieben. Das Gl\u00fcck der beiden ist aber nur von kurzer Dauer, denn Schatri wird auf dem Ebenholzpferd entf\u00fchrt und soll nun den reichen, aber alten K\u00f6nig Karun heiraten. Wie das M\u00e4rchen endet, soll hier nicht verraten werden.<\/p>\n<p><a href=\"https:\/\/www.knowg.com\/mbu\/wp-content\/uploads\/2015\/08\/ebeholzross1.jpg\"><img loading=\"lazy\" decoding=\"async\" class=\"alignnone wp-image-165 size-full\" src=\"https:\/\/www.knowg.com\/mbu\/wp-content\/uploads\/2015\/08\/ebeholzross1.jpg\" alt=\"ebeholzross1\" width=\"180\" height=\"242\" \/><\/a>\u00a0 <a href=\"https:\/\/www.knowg.com\/mbu\/wp-content\/uploads\/2015\/08\/ebeholzross2.jpg\"><img loading=\"lazy\" decoding=\"async\" class=\"alignnone wp-image-164 size-full\" src=\"https:\/\/www.knowg.com\/mbu\/wp-content\/uploads\/2015\/08\/ebeholzross2.jpg\" alt=\"ebeholzross2\" width=\"180\" height=\"126\" \/><\/a><\/p>\n","protected":false},"excerpt":{"rendered":"<p>Ein M\u00e4rchen aus 1001 Nacht (ab 5 Jahren) Inszenierung und Regie: Ji\u0159\u1f77 Jaro\u0161 Prinz Kasim fliegt mit dem Ebenholzpferd in ein fremdes Land und lernt die bezaubernde Prinzessin Schatri kennen und lieben. Das Gl\u00fcck der beiden ist aber nur von kurzer Dauer, denn Schatri wird auf dem Ebenholzpferd entf\u00fchrt und soll nun den reichen, aber &hellip; <a href=\"https:\/\/www.knowg.com\/mbu\/ebenholzross\/\" class=\"more-link\"><span class=\"screen-reader-text\">&#8217;s Ebeholzross<\/span> weiterlesen <span class=\"meta-nav\">&rarr;<\/span><\/a><\/p>\n","protected":false},"author":1,"featured_media":0,"parent":0,"menu_order":0,"comment_status":"closed","ping_status":"open","template":"","meta":{"footnotes":""},"class_list":["post-161","page","type-page","status-publish","hentry"],"_links":{"self":[{"href":"https:\/\/www.knowg.com\/mbu\/wp-json\/wp\/v2\/pages\/161","targetHints":{"allow":["GET"]}}],"collection":[{"href":"https:\/\/www.knowg.com\/mbu\/wp-json\/wp\/v2\/pages"}],"about":[{"href":"https:\/\/www.knowg.com\/mbu\/wp-json\/wp\/v2\/types\/page"}],"author":[{"embeddable":true,"href":"https:\/\/www.knowg.com\/mbu\/wp-json\/wp\/v2\/users\/1"}],"replies":[{"embeddable":true,"href":"https:\/\/www.knowg.com\/mbu\/wp-json\/wp\/v2\/comments?post=161"}],"version-history":[{"count":14,"href":"https:\/\/www.knowg.com\/mbu\/wp-json\/wp\/v2\/pages\/161\/revisions"}],"predecessor-version":[{"id":356,"href":"https:\/\/www.knowg.com\/mbu\/wp-json\/wp\/v2\/pages\/161\/revisions\/356"}],"wp:attachment":[{"href":"https:\/\/www.knowg.com\/mbu\/wp-json\/wp\/v2\/media?parent=161"}],"curies":[{"name":"wp","href":"https:\/\/api.w.org\/{rel}","templated":true}]}}