{"id":171,"date":"2015-08-18T19:18:41","date_gmt":"2015-08-18T19:18:41","guid":{"rendered":"http:\/\/www.regulationmaster.com\/mbu\/?page_id=171"},"modified":"2017-05-15T19:36:03","modified_gmt":"2017-05-15T19:36:03","slug":"dru-sauli","status":"publish","type":"page","link":"https:\/\/www.knowg.com\/mbu\/dru-sauli\/","title":{"rendered":"Die dr\u00fc S\u00e4uli und de Wolf"},"content":{"rendered":"<p><strong>Nach einem englischen Volksm\u00e4rchen (ab 4 Jahren)<\/strong><br \/>\n<strong>Inszenierung und Regie: Ji\u0159\u1f77 Jaro\u0161<\/strong><\/p>\n<p>Drei kleine Schweinchen ziehen in die Welt hinaus und bauen ihre eigenen H\u00e4user. Der Wolf mit seinem ewig knurrenden Magen verfolgt die jungen, zarten Tiere, wird aber von den Schlaumeiern so richtig an der Nase herumgef\u00fchrt.<\/p>\n<p><a href=\"https:\/\/www.knowg.com\/mbu\/wp-content\/uploads\/2017\/05\/S\u00e4uli-7.jpg\"><img loading=\"lazy\" decoding=\"async\" class=\"alignnone wp-image-478\" src=\"https:\/\/www.knowg.com\/mbu\/wp-content\/uploads\/2017\/05\/S\u00e4uli-7.jpg\" alt=\"\" width=\"326\" height=\"346\" srcset=\"https:\/\/www.knowg.com\/mbu\/wp-content\/uploads\/2017\/05\/S\u00e4uli-7.jpg 883w, https:\/\/www.knowg.com\/mbu\/wp-content\/uploads\/2017\/05\/S\u00e4uli-7-283x300.jpg 283w, https:\/\/www.knowg.com\/mbu\/wp-content\/uploads\/2017\/05\/S\u00e4uli-7-768x815.jpg 768w\" sizes=\"auto, (max-width: 326px) 100vw, 326px\" \/><\/a><a href=\"https:\/\/www.knowg.com\/mbu\/wp-content\/uploads\/2017\/05\/S\u00e4uli-6.jpg\"><img loading=\"lazy\" decoding=\"async\" class=\"alignnone wp-image-477\" src=\"https:\/\/www.knowg.com\/mbu\/wp-content\/uploads\/2017\/05\/S\u00e4uli-6.jpg\" alt=\"\" width=\"268\" height=\"422\" srcset=\"https:\/\/www.knowg.com\/mbu\/wp-content\/uploads\/2017\/05\/S\u00e4uli-6.jpg 606w, https:\/\/www.knowg.com\/mbu\/wp-content\/uploads\/2017\/05\/S\u00e4uli-6-191x300.jpg 191w\" sizes=\"auto, (max-width: 268px) 100vw, 268px\" \/><\/a><a href=\"https:\/\/www.knowg.com\/mbu\/wp-content\/uploads\/2017\/05\/S\u00e4uli-1.jpg\"><img loading=\"lazy\" decoding=\"async\" class=\"alignnone size-large wp-image-472\" src=\"https:\/\/www.knowg.com\/mbu\/wp-content\/uploads\/2017\/05\/S\u00e4uli-1-1024x576.jpg\" alt=\"\" width=\"604\" height=\"340\" srcset=\"https:\/\/www.knowg.com\/mbu\/wp-content\/uploads\/2017\/05\/S\u00e4uli-1-1024x576.jpg 1024w, https:\/\/www.knowg.com\/mbu\/wp-content\/uploads\/2017\/05\/S\u00e4uli-1-300x169.jpg 300w, https:\/\/www.knowg.com\/mbu\/wp-content\/uploads\/2017\/05\/S\u00e4uli-1-768x432.jpg 768w, https:\/\/www.knowg.com\/mbu\/wp-content\/uploads\/2017\/05\/S\u00e4uli-1.jpg 1280w\" sizes=\"auto, (max-width: 604px) 100vw, 604px\" \/><\/a><a href=\"https:\/\/www.knowg.com\/mbu\/wp-content\/uploads\/2017\/05\/S\u00e4uli-5.jpg\"><img loading=\"lazy\" decoding=\"async\" class=\"alignnone size-large wp-image-476\" src=\"https:\/\/www.knowg.com\/mbu\/wp-content\/uploads\/2017\/05\/S\u00e4uli-5-1024x576.jpg\" alt=\"\" width=\"604\" height=\"340\" srcset=\"https:\/\/www.knowg.com\/mbu\/wp-content\/uploads\/2017\/05\/S\u00e4uli-5-1024x576.jpg 1024w, https:\/\/www.knowg.com\/mbu\/wp-content\/uploads\/2017\/05\/S\u00e4uli-5-300x169.jpg 300w, https:\/\/www.knowg.com\/mbu\/wp-content\/uploads\/2017\/05\/S\u00e4uli-5-768x432.jpg 768w, https:\/\/www.knowg.com\/mbu\/wp-content\/uploads\/2017\/05\/S\u00e4uli-5.jpg 1280w\" sizes=\"auto, (max-width: 604px) 100vw, 604px\" \/><\/a><a href=\"https:\/\/www.knowg.com\/mbu\/wp-content\/uploads\/2017\/05\/S\u00e4uli-8.jpg\"><img loading=\"lazy\" decoding=\"async\" class=\"alignnone wp-image-484\" src=\"https:\/\/www.knowg.com\/mbu\/wp-content\/uploads\/2017\/05\/S\u00e4uli-8-576x1024.jpg\" alt=\"\" width=\"267\" height=\"475\" srcset=\"https:\/\/www.knowg.com\/mbu\/wp-content\/uploads\/2017\/05\/S\u00e4uli-8-576x1024.jpg 576w, https:\/\/www.knowg.com\/mbu\/wp-content\/uploads\/2017\/05\/S\u00e4uli-8-169x300.jpg 169w, https:\/\/www.knowg.com\/mbu\/wp-content\/uploads\/2017\/05\/S\u00e4uli-8.jpg 720w\" sizes=\"auto, (max-width: 267px) 100vw, 267px\" \/><\/a>\u00a0<a href=\"https:\/\/www.knowg.com\/mbu\/wp-content\/uploads\/2017\/05\/S\u00e4uli-10.jpg\"><img loading=\"lazy\" decoding=\"async\" class=\"alignnone wp-image-486\" src=\"https:\/\/www.knowg.com\/mbu\/wp-content\/uploads\/2017\/05\/S\u00e4uli-10.jpg\" alt=\"\" width=\"327\" height=\"281\" srcset=\"https:\/\/www.knowg.com\/mbu\/wp-content\/uploads\/2017\/05\/S\u00e4uli-10.jpg 801w, https:\/\/www.knowg.com\/mbu\/wp-content\/uploads\/2017\/05\/S\u00e4uli-10-300x258.jpg 300w, https:\/\/www.knowg.com\/mbu\/wp-content\/uploads\/2017\/05\/S\u00e4uli-10-768x660.jpg 768w\" sizes=\"auto, (max-width: 327px) 100vw, 327px\" \/><\/a><a href=\"https:\/\/www.knowg.com\/mbu\/wp-content\/uploads\/2017\/05\/S\u00e4uli-4.jpg\"><img loading=\"lazy\" decoding=\"async\" class=\"alignnone size-large wp-image-475\" src=\"https:\/\/www.knowg.com\/mbu\/wp-content\/uploads\/2017\/05\/S\u00e4uli-4-1024x576.jpg\" alt=\"\" width=\"604\" height=\"340\" srcset=\"https:\/\/www.knowg.com\/mbu\/wp-content\/uploads\/2017\/05\/S\u00e4uli-4-1024x576.jpg 1024w, https:\/\/www.knowg.com\/mbu\/wp-content\/uploads\/2017\/05\/S\u00e4uli-4-300x169.jpg 300w, https:\/\/www.knowg.com\/mbu\/wp-content\/uploads\/2017\/05\/S\u00e4uli-4-768x432.jpg 768w, https:\/\/www.knowg.com\/mbu\/wp-content\/uploads\/2017\/05\/S\u00e4uli-4.jpg 1280w\" sizes=\"auto, (max-width: 604px) 100vw, 604px\" \/><\/a><a href=\"https:\/\/www.knowg.com\/mbu\/wp-content\/uploads\/2017\/05\/S\u00e4uli-9.jpg\"><img loading=\"lazy\" decoding=\"async\" class=\"alignnone size-large wp-image-485\" src=\"https:\/\/www.knowg.com\/mbu\/wp-content\/uploads\/2017\/05\/S\u00e4uli-9-1024x576.jpg\" alt=\"\" width=\"604\" height=\"340\" srcset=\"https:\/\/www.knowg.com\/mbu\/wp-content\/uploads\/2017\/05\/S\u00e4uli-9-1024x576.jpg 1024w, https:\/\/www.knowg.com\/mbu\/wp-content\/uploads\/2017\/05\/S\u00e4uli-9-300x169.jpg 300w, https:\/\/www.knowg.com\/mbu\/wp-content\/uploads\/2017\/05\/S\u00e4uli-9-768x432.jpg 768w, https:\/\/www.knowg.com\/mbu\/wp-content\/uploads\/2017\/05\/S\u00e4uli-9.jpg 1280w\" sizes=\"auto, (max-width: 604px) 100vw, 604px\" \/><\/a><\/p>\n","protected":false},"excerpt":{"rendered":"<p>Nach einem englischen Volksm\u00e4rchen (ab 4 Jahren) Inszenierung und Regie: Ji\u0159\u1f77 Jaro\u0161 Drei kleine Schweinchen ziehen in die Welt hinaus und bauen ihre eigenen H\u00e4user. Der Wolf mit seinem ewig knurrenden Magen verfolgt die jungen, zarten Tiere, wird aber von den Schlaumeiern so richtig an der Nase herumgef\u00fchrt. \u00a0<\/p>\n","protected":false},"author":1,"featured_media":0,"parent":0,"menu_order":0,"comment_status":"closed","ping_status":"open","template":"","meta":{"footnotes":""},"class_list":["post-171","page","type-page","status-publish","hentry"],"_links":{"self":[{"href":"https:\/\/www.knowg.com\/mbu\/wp-json\/wp\/v2\/pages\/171","targetHints":{"allow":["GET"]}}],"collection":[{"href":"https:\/\/www.knowg.com\/mbu\/wp-json\/wp\/v2\/pages"}],"about":[{"href":"https:\/\/www.knowg.com\/mbu\/wp-json\/wp\/v2\/types\/page"}],"author":[{"embeddable":true,"href":"https:\/\/www.knowg.com\/mbu\/wp-json\/wp\/v2\/users\/1"}],"replies":[{"embeddable":true,"href":"https:\/\/www.knowg.com\/mbu\/wp-json\/wp\/v2\/comments?post=171"}],"version-history":[{"count":10,"href":"https:\/\/www.knowg.com\/mbu\/wp-json\/wp\/v2\/pages\/171\/revisions"}],"predecessor-version":[{"id":488,"href":"https:\/\/www.knowg.com\/mbu\/wp-json\/wp\/v2\/pages\/171\/revisions\/488"}],"wp:attachment":[{"href":"https:\/\/www.knowg.com\/mbu\/wp-json\/wp\/v2\/media?parent=171"}],"curies":[{"name":"wp","href":"https:\/\/api.w.org\/{rel}","templated":true}]}}