{"id":193,"date":"2015-08-18T20:20:22","date_gmt":"2015-08-18T20:20:22","guid":{"rendered":"http:\/\/www.regulationmaster.com\/mbu\/?page_id=193"},"modified":"2016-01-09T19:58:10","modified_gmt":"2016-01-09T19:58:10","slug":"sunne-mond-und-windkonig","status":"publish","type":"page","link":"https:\/\/www.knowg.com\/mbu\/sunne-mond-und-windkonig\/","title":{"rendered":"Vom Sunne-, Mond- und Windk\u00f6nig"},"content":{"rendered":"<p><strong>Ein tschechisches M\u00e4rchen (ab 5 Jahren)<\/strong><br \/>\n<strong>Inszenierung und Regie: Ji\u0159\u1f77 Jaro\u0161<\/strong><\/p>\n<p>Prinz Janko hat in der Abwesenheit seines Vaters seine drei Schwestern mit dem Sonnen-, dem Mond- und dem Windk\u00f6nig verheiratet. Nach der R\u00fcckkehr des K\u00f6nigs will Janko seine Schwestern besuchen und selbst eine Prinzessin finden. Unterwegs muss Janko dem b\u00f6sen Feuerk\u00f6nig entkommen\u00a0und dem Zauber der alten Hexe ein Schnippchen schlagen.<\/p>\n<p><a href=\"https:\/\/www.knowg.com\/mbu\/wp-content\/uploads\/2015\/08\/SunneMondWind1.jpg\"><img loading=\"lazy\" decoding=\"async\" class=\"alignnone wp-image-196 size-full\" src=\"https:\/\/www.knowg.com\/mbu\/wp-content\/uploads\/2015\/08\/SunneMondWind1.jpg\" alt=\"SunneMondWind1\" width=\"341\" height=\"512\" srcset=\"https:\/\/www.knowg.com\/mbu\/wp-content\/uploads\/2015\/08\/SunneMondWind1.jpg 341w, https:\/\/www.knowg.com\/mbu\/wp-content\/uploads\/2015\/08\/SunneMondWind1-200x300.jpg 200w\" sizes=\"auto, (max-width: 341px) 100vw, 341px\" \/><\/a> <a href=\"https:\/\/www.knowg.com\/mbu\/wp-content\/uploads\/2015\/08\/SunneMondWind2.jpg\"><img loading=\"lazy\" decoding=\"async\" class=\"alignnone wp-image-195 size-full\" src=\"https:\/\/www.knowg.com\/mbu\/wp-content\/uploads\/2015\/08\/SunneMondWind2.jpg\" alt=\"SunneMondWind2\" width=\"230\" height=\"306\" srcset=\"https:\/\/www.knowg.com\/mbu\/wp-content\/uploads\/2015\/08\/SunneMondWind2.jpg 230w, https:\/\/www.knowg.com\/mbu\/wp-content\/uploads\/2015\/08\/SunneMondWind2-225x300.jpg 225w\" sizes=\"auto, (max-width: 230px) 100vw, 230px\" \/><\/a><\/p>\n","protected":false},"excerpt":{"rendered":"<p>Ein tschechisches M\u00e4rchen (ab 5 Jahren) Inszenierung und Regie: Ji\u0159\u1f77 Jaro\u0161 Prinz Janko hat in der Abwesenheit seines Vaters seine drei Schwestern mit dem Sonnen-, dem Mond- und dem Windk\u00f6nig verheiratet. Nach der R\u00fcckkehr des K\u00f6nigs will Janko seine Schwestern besuchen und selbst eine Prinzessin finden. Unterwegs muss Janko dem b\u00f6sen Feuerk\u00f6nig entkommen\u00a0und dem Zauber &hellip; <a href=\"https:\/\/www.knowg.com\/mbu\/sunne-mond-und-windkonig\/\" class=\"more-link\"><span class=\"screen-reader-text\">Vom Sunne-, Mond- und Windk\u00f6nig<\/span> weiterlesen <span class=\"meta-nav\">&rarr;<\/span><\/a><\/p>\n","protected":false},"author":1,"featured_media":0,"parent":0,"menu_order":0,"comment_status":"closed","ping_status":"open","template":"","meta":{"footnotes":""},"class_list":["post-193","page","type-page","status-publish","hentry"],"_links":{"self":[{"href":"https:\/\/www.knowg.com\/mbu\/wp-json\/wp\/v2\/pages\/193","targetHints":{"allow":["GET"]}}],"collection":[{"href":"https:\/\/www.knowg.com\/mbu\/wp-json\/wp\/v2\/pages"}],"about":[{"href":"https:\/\/www.knowg.com\/mbu\/wp-json\/wp\/v2\/types\/page"}],"author":[{"embeddable":true,"href":"https:\/\/www.knowg.com\/mbu\/wp-json\/wp\/v2\/users\/1"}],"replies":[{"embeddable":true,"href":"https:\/\/www.knowg.com\/mbu\/wp-json\/wp\/v2\/comments?post=193"}],"version-history":[{"count":10,"href":"https:\/\/www.knowg.com\/mbu\/wp-json\/wp\/v2\/pages\/193\/revisions"}],"predecessor-version":[{"id":380,"href":"https:\/\/www.knowg.com\/mbu\/wp-json\/wp\/v2\/pages\/193\/revisions\/380"}],"wp:attachment":[{"href":"https:\/\/www.knowg.com\/mbu\/wp-json\/wp\/v2\/media?parent=193"}],"curies":[{"name":"wp","href":"https:\/\/api.w.org\/{rel}","templated":true}]}}