{"id":199,"date":"2015-08-18T20:27:27","date_gmt":"2015-08-18T20:27:27","guid":{"rendered":"http:\/\/www.regulationmaster.com\/mbu\/?page_id=199"},"modified":"2016-01-09T18:43:17","modified_gmt":"2016-01-09T18:43:17","slug":"der-kleine-konig","status":"publish","type":"page","link":"https:\/\/www.knowg.com\/mbu\/der-kleine-konig\/","title":{"rendered":"Der kleine K\u00f6nig"},"content":{"rendered":"<p><strong>Ein Weihnachtsspiel nach einer alten Legende (ab 5 Jahren)<\/strong><br \/>\n<strong>Inszenierung: Ensemble der Marionettenb\u00fchne<\/strong><br \/>\n<strong>Regie: Ji\u0159\u1f77 Jaro\u0161<\/strong><\/p>\n<p>Ein kleiner K\u00f6nig macht sich auf die lange Reise zum neugeborenen K\u00f6nig. Er packt Geschenke ein, um sie dem Jesuskind zu bringen, sattelt sein Pferd und folgt dem hellen Stern. Unterwegs wird er immer wieder aufgehalten, weil jemand Hilfe braucht. Erreicht er Bethlehem noch rechtzeitig?<\/p>\n<p><a href=\"https:\/\/www.knowg.com\/mbu\/wp-content\/uploads\/2015\/11\/Krippe.jpg\"><img loading=\"lazy\" decoding=\"async\" class=\"alignnone wp-image-290 size-medium\" src=\"https:\/\/www.knowg.com\/mbu\/wp-content\/uploads\/2015\/11\/Krippe-300x225.jpg\" alt=\"Krippe\" width=\"300\" height=\"225\" srcset=\"https:\/\/www.knowg.com\/mbu\/wp-content\/uploads\/2015\/11\/Krippe-300x225.jpg 300w, https:\/\/www.knowg.com\/mbu\/wp-content\/uploads\/2015\/11\/Krippe-1024x768.jpg 1024w, https:\/\/www.knowg.com\/mbu\/wp-content\/uploads\/2015\/11\/Krippe.jpg 1280w\" sizes=\"auto, (max-width: 300px) 100vw, 300px\" \/><\/a>\u00a0<a href=\"https:\/\/www.knowg.com\/mbu\/wp-content\/uploads\/2015\/11\/Hirte.jpg\"><img loading=\"lazy\" decoding=\"async\" class=\"alignnone wp-image-294 size-medium\" src=\"https:\/\/www.knowg.com\/mbu\/wp-content\/uploads\/2015\/11\/Hirte-300x208.jpg\" alt=\"Hirte\" width=\"300\" height=\"208\" srcset=\"https:\/\/www.knowg.com\/mbu\/wp-content\/uploads\/2015\/11\/Hirte-300x208.jpg 300w, https:\/\/www.knowg.com\/mbu\/wp-content\/uploads\/2015\/11\/Hirte-1024x709.jpg 1024w, https:\/\/www.knowg.com\/mbu\/wp-content\/uploads\/2015\/11\/Hirte.jpg 1280w\" sizes=\"auto, (max-width: 300px) 100vw, 300px\" \/><\/a> <a href=\"https:\/\/www.knowg.com\/mbu\/wp-content\/uploads\/2015\/11\/Finale.jpg\"><img loading=\"lazy\" decoding=\"async\" class=\"alignnone wp-image-293 size-medium\" src=\"https:\/\/www.knowg.com\/mbu\/wp-content\/uploads\/2015\/11\/Finale-300x225.jpg\" alt=\"Finale\" width=\"300\" height=\"225\" srcset=\"https:\/\/www.knowg.com\/mbu\/wp-content\/uploads\/2015\/11\/Finale-300x225.jpg 300w, https:\/\/www.knowg.com\/mbu\/wp-content\/uploads\/2015\/11\/Finale-1024x768.jpg 1024w, https:\/\/www.knowg.com\/mbu\/wp-content\/uploads\/2015\/11\/Finale.jpg 1280w\" sizes=\"auto, (max-width: 300px) 100vw, 300px\" \/><\/a> <a href=\"https:\/\/www.knowg.com\/mbu\/wp-content\/uploads\/2015\/11\/Oase.jpg\"><img loading=\"lazy\" decoding=\"async\" class=\"alignnone wp-image-292 size-medium\" src=\"https:\/\/www.knowg.com\/mbu\/wp-content\/uploads\/2015\/11\/Oase-300x181.jpg\" alt=\"Oase\" width=\"300\" height=\"181\" srcset=\"https:\/\/www.knowg.com\/mbu\/wp-content\/uploads\/2015\/11\/Oase-300x181.jpg 300w, https:\/\/www.knowg.com\/mbu\/wp-content\/uploads\/2015\/11\/Oase-1024x619.jpg 1024w, https:\/\/www.knowg.com\/mbu\/wp-content\/uploads\/2015\/11\/Oase.jpg 1280w\" sizes=\"auto, (max-width: 300px) 100vw, 300px\" \/><\/a> <a href=\"https:\/\/www.knowg.com\/mbu\/wp-content\/uploads\/2015\/11\/Melchior.jpg\"><img loading=\"lazy\" decoding=\"async\" class=\"alignnone wp-image-291 size-medium\" src=\"https:\/\/www.knowg.com\/mbu\/wp-content\/uploads\/2015\/11\/Melchior-225x300.jpg\" alt=\"Melchior\" width=\"225\" height=\"300\" srcset=\"https:\/\/www.knowg.com\/mbu\/wp-content\/uploads\/2015\/11\/Melchior-225x300.jpg 225w, https:\/\/www.knowg.com\/mbu\/wp-content\/uploads\/2015\/11\/Melchior-768x1024.jpg 768w, https:\/\/www.knowg.com\/mbu\/wp-content\/uploads\/2015\/11\/Melchior.jpg 960w\" sizes=\"auto, (max-width: 225px) 100vw, 225px\" \/><\/a>\u00a0<a href=\"https:\/\/www.knowg.com\/mbu\/wp-content\/uploads\/2015\/11\/Krippe-mit-Spielerinnen.jpg\"><img loading=\"lazy\" decoding=\"async\" class=\"alignnone wp-image-289 size-medium\" src=\"https:\/\/www.knowg.com\/mbu\/wp-content\/uploads\/2015\/11\/Krippe-mit-Spielerinnen-225x300.jpg\" alt=\"Krippe mit Spielerinnen\" width=\"225\" height=\"300\" srcset=\"https:\/\/www.knowg.com\/mbu\/wp-content\/uploads\/2015\/11\/Krippe-mit-Spielerinnen-225x300.jpg 225w, https:\/\/www.knowg.com\/mbu\/wp-content\/uploads\/2015\/11\/Krippe-mit-Spielerinnen-768x1024.jpg 768w, https:\/\/www.knowg.com\/mbu\/wp-content\/uploads\/2015\/11\/Krippe-mit-Spielerinnen.jpg 960w\" sizes=\"auto, (max-width: 225px) 100vw, 225px\" \/><\/a><a href=\"https:\/\/www.knowg.com\/mbu\/wp-content\/uploads\/2015\/11\/Karawane.jpg\"><img loading=\"lazy\" decoding=\"async\" class=\"alignnone wp-image-295 size-medium\" src=\"https:\/\/www.knowg.com\/mbu\/wp-content\/uploads\/2015\/11\/Karawane-300x188.jpg\" alt=\"Karawane\" width=\"300\" height=\"188\" srcset=\"https:\/\/www.knowg.com\/mbu\/wp-content\/uploads\/2015\/11\/Karawane-300x188.jpg 300w, https:\/\/www.knowg.com\/mbu\/wp-content\/uploads\/2015\/11\/Karawane-1024x643.jpg 1024w, https:\/\/www.knowg.com\/mbu\/wp-content\/uploads\/2015\/11\/Karawane.jpg 1280w\" sizes=\"auto, (max-width: 300px) 100vw, 300px\" \/><\/a><\/p>\n","protected":false},"excerpt":{"rendered":"<p>Ein Weihnachtsspiel nach einer alten Legende (ab 5 Jahren) Inszenierung: Ensemble der Marionettenb\u00fchne Regie: Ji\u0159\u1f77 Jaro\u0161 Ein kleiner K\u00f6nig macht sich auf die lange Reise zum neugeborenen K\u00f6nig. Er packt Geschenke ein, um sie dem Jesuskind zu bringen, sattelt sein Pferd und folgt dem hellen Stern. Unterwegs wird er immer wieder aufgehalten, weil jemand Hilfe &hellip; <a href=\"https:\/\/www.knowg.com\/mbu\/der-kleine-konig\/\" class=\"more-link\"><span class=\"screen-reader-text\">Der kleine K\u00f6nig<\/span> weiterlesen <span class=\"meta-nav\">&rarr;<\/span><\/a><\/p>\n","protected":false},"author":1,"featured_media":0,"parent":0,"menu_order":0,"comment_status":"closed","ping_status":"open","template":"","meta":{"footnotes":""},"class_list":["post-199","page","type-page","status-publish","hentry"],"_links":{"self":[{"href":"https:\/\/www.knowg.com\/mbu\/wp-json\/wp\/v2\/pages\/199","targetHints":{"allow":["GET"]}}],"collection":[{"href":"https:\/\/www.knowg.com\/mbu\/wp-json\/wp\/v2\/pages"}],"about":[{"href":"https:\/\/www.knowg.com\/mbu\/wp-json\/wp\/v2\/types\/page"}],"author":[{"embeddable":true,"href":"https:\/\/www.knowg.com\/mbu\/wp-json\/wp\/v2\/users\/1"}],"replies":[{"embeddable":true,"href":"https:\/\/www.knowg.com\/mbu\/wp-json\/wp\/v2\/comments?post=199"}],"version-history":[{"count":12,"href":"https:\/\/www.knowg.com\/mbu\/wp-json\/wp\/v2\/pages\/199\/revisions"}],"predecessor-version":[{"id":367,"href":"https:\/\/www.knowg.com\/mbu\/wp-json\/wp\/v2\/pages\/199\/revisions\/367"}],"wp:attachment":[{"href":"https:\/\/www.knowg.com\/mbu\/wp-json\/wp\/v2\/media?parent=199"}],"curies":[{"name":"wp","href":"https:\/\/api.w.org\/{rel}","templated":true}]}}