{"id":206,"date":"2015-08-18T20:33:10","date_gmt":"2015-08-18T20:33:10","guid":{"rendered":"http:\/\/www.regulationmaster.com\/mbu\/?page_id=206"},"modified":"2016-01-09T19:56:42","modified_gmt":"2016-01-09T19:56:42","slug":"dornrosli","status":"publish","type":"page","link":"https:\/\/www.knowg.com\/mbu\/dornrosli\/","title":{"rendered":"Dornr\u00f6sli"},"content":{"rendered":"<p><strong>M\u00e4rchen nach Gebr\u00fcder Grimm (ab 5 Jahren)<\/strong><br \/>\n<strong>Inszenierung und Regie: Ji\u0159\u1f77 Jaro\u0161<\/strong><\/p>\n<p>Dieses bekannte M\u00e4rchen ist in Zusammenarbeit mit unserem langj\u00e4hrigen Regisseur\u00a0<span style=\"color: #000000; font-family: Calibri;\">Ji\u0159\u1f77 Jaro\u0161 <\/span>aus Prag entstanden. Die ganze Inszenierung spielt im Barockzeitalter und ist entsprechend reichhaltig ausgestattet. Musikalisch untermalt wird das M\u00e4rchen durch Kl\u00e4nge von Peter Tschaikowsky.<\/p>\n<p><a href=\"https:\/\/www.knowg.com\/mbu\/wp-content\/uploads\/2015\/11\/Prinz-und-Dornr\u00f6sli-kniend.jpg\"><img loading=\"lazy\" decoding=\"async\" class=\"alignnone wp-image-280 size-medium\" src=\"https:\/\/www.knowg.com\/mbu\/wp-content\/uploads\/2015\/11\/Prinz-und-Dornr\u00f6sli-kniend-300x229.jpg\" alt=\"Prinz und Dornr\u00f6sli kniend\" width=\"300\" height=\"229\" srcset=\"https:\/\/www.knowg.com\/mbu\/wp-content\/uploads\/2015\/11\/Prinz-und-Dornr\u00f6sli-kniend-300x229.jpg 300w, https:\/\/www.knowg.com\/mbu\/wp-content\/uploads\/2015\/11\/Prinz-und-Dornr\u00f6sli-kniend-1024x782.jpg 1024w, https:\/\/www.knowg.com\/mbu\/wp-content\/uploads\/2015\/11\/Prinz-und-Dornr\u00f6sli-kniend.jpg 1257w\" sizes=\"auto, (max-width: 300px) 100vw, 300px\" \/><\/a>\u00a0<a href=\"https:\/\/www.knowg.com\/mbu\/wp-content\/uploads\/2015\/11\/Prinz-und-Dornr\u00f6sli-stehend.jpg\"><img loading=\"lazy\" decoding=\"async\" class=\"alignnone wp-image-281 size-medium\" src=\"https:\/\/www.knowg.com\/mbu\/wp-content\/uploads\/2015\/11\/Prinz-und-Dornr\u00f6sli-stehend-206x300.jpg\" alt=\"Prinz und Dornr\u00f6sli stehend\" width=\"206\" height=\"300\" srcset=\"https:\/\/www.knowg.com\/mbu\/wp-content\/uploads\/2015\/11\/Prinz-und-Dornr\u00f6sli-stehend-206x300.jpg 206w, https:\/\/www.knowg.com\/mbu\/wp-content\/uploads\/2015\/11\/Prinz-und-Dornr\u00f6sli-stehend-702x1024.jpg 702w, https:\/\/www.knowg.com\/mbu\/wp-content\/uploads\/2015\/11\/Prinz-und-Dornr\u00f6sli-stehend.jpg 877w\" sizes=\"auto, (max-width: 206px) 100vw, 206px\" \/><\/a><\/p>\n<p><a href=\"https:\/\/www.knowg.com\/mbu\/wp-content\/uploads\/2015\/11\/Prinz-und-schlafendes-Dornr\u00f6sli.jpg\"><img loading=\"lazy\" decoding=\"async\" class=\"alignnone wp-image-282 size-medium\" src=\"https:\/\/www.knowg.com\/mbu\/wp-content\/uploads\/2015\/11\/Prinz-und-schlafendes-Dornr\u00f6sli-199x300.jpg\" alt=\"Prinz und schlafendes Dornr\u00f6sli\" width=\"199\" height=\"300\" srcset=\"https:\/\/www.knowg.com\/mbu\/wp-content\/uploads\/2015\/11\/Prinz-und-schlafendes-Dornr\u00f6sli-199x300.jpg 199w, https:\/\/www.knowg.com\/mbu\/wp-content\/uploads\/2015\/11\/Prinz-und-schlafendes-Dornr\u00f6sli-681x1024.jpg 681w, https:\/\/www.knowg.com\/mbu\/wp-content\/uploads\/2015\/11\/Prinz-und-schlafendes-Dornr\u00f6sli.jpg 851w\" sizes=\"auto, (max-width: 199px) 100vw, 199px\" \/><\/a>\u00a0<a href=\"https:\/\/www.knowg.com\/mbu\/wp-content\/uploads\/2015\/11\/K\u00f6bi.jpg\"><img loading=\"lazy\" decoding=\"async\" class=\"alignnone wp-image-285 size-medium\" src=\"https:\/\/www.knowg.com\/mbu\/wp-content\/uploads\/2015\/11\/K\u00f6bi-199x300.jpg\" alt=\"K\u00f6bi\" width=\"199\" height=\"300\" srcset=\"https:\/\/www.knowg.com\/mbu\/wp-content\/uploads\/2015\/11\/K\u00f6bi-199x300.jpg 199w, https:\/\/www.knowg.com\/mbu\/wp-content\/uploads\/2015\/11\/K\u00f6bi-681x1024.jpg 681w, https:\/\/www.knowg.com\/mbu\/wp-content\/uploads\/2015\/11\/K\u00f6bi.jpg 851w\" sizes=\"auto, (max-width: 199px) 100vw, 199px\" \/><\/a> <a href=\"https:\/\/www.knowg.com\/mbu\/wp-content\/uploads\/2015\/11\/K\u00f6bi-und-Orlando.jpg\"><img loading=\"lazy\" decoding=\"async\" class=\"alignnone wp-image-284 size-medium\" src=\"https:\/\/www.knowg.com\/mbu\/wp-content\/uploads\/2015\/11\/K\u00f6bi-und-Orlando-300x265.jpg\" alt=\"K\u00f6bi und Orlando\" width=\"300\" height=\"265\" srcset=\"https:\/\/www.knowg.com\/mbu\/wp-content\/uploads\/2015\/11\/K\u00f6bi-und-Orlando-300x265.jpg 300w, https:\/\/www.knowg.com\/mbu\/wp-content\/uploads\/2015\/11\/K\u00f6bi-und-Orlando-1024x904.jpg 1024w, https:\/\/www.knowg.com\/mbu\/wp-content\/uploads\/2015\/11\/K\u00f6bi-und-Orlando.jpg 1087w\" sizes=\"auto, (max-width: 300px) 100vw, 300px\" \/><\/a> <a href=\"https:\/\/www.knowg.com\/mbu\/wp-content\/uploads\/2015\/11\/Dornr\u00f6sli.jpg\"><img loading=\"lazy\" decoding=\"async\" class=\"alignnone wp-image-283 size-medium\" src=\"https:\/\/www.knowg.com\/mbu\/wp-content\/uploads\/2015\/11\/Dornr\u00f6sli-199x300.jpg\" alt=\"Dornr\u00f6sli\" width=\"199\" height=\"300\" srcset=\"https:\/\/www.knowg.com\/mbu\/wp-content\/uploads\/2015\/11\/Dornr\u00f6sli-199x300.jpg 199w, https:\/\/www.knowg.com\/mbu\/wp-content\/uploads\/2015\/11\/Dornr\u00f6sli-681x1024.jpg 681w, https:\/\/www.knowg.com\/mbu\/wp-content\/uploads\/2015\/11\/Dornr\u00f6sli.jpg 851w\" sizes=\"auto, (max-width: 199px) 100vw, 199px\" \/><\/a>\u00a0\u00a0\u00a0 <a href=\"https:\/\/www.knowg.com\/mbu\/wp-content\/uploads\/2015\/11\/K\u00f6nigin.jpg\"><img loading=\"lazy\" decoding=\"async\" class=\"alignnone wp-image-279 size-medium\" src=\"https:\/\/www.knowg.com\/mbu\/wp-content\/uploads\/2015\/11\/K\u00f6nigin-199x300.jpg\" alt=\"K\u00f6nigin\" width=\"199\" height=\"300\" srcset=\"https:\/\/www.knowg.com\/mbu\/wp-content\/uploads\/2015\/11\/K\u00f6nigin-199x300.jpg 199w, https:\/\/www.knowg.com\/mbu\/wp-content\/uploads\/2015\/11\/K\u00f6nigin-681x1024.jpg 681w, https:\/\/www.knowg.com\/mbu\/wp-content\/uploads\/2015\/11\/K\u00f6nigin.jpg 851w\" sizes=\"auto, (max-width: 199px) 100vw, 199px\" \/><\/a> <a href=\"https:\/\/www.knowg.com\/mbu\/wp-content\/uploads\/2015\/11\/K\u00f6nig-und-K\u00f6nigin.jpg\"><img loading=\"lazy\" decoding=\"async\" class=\"alignnone wp-image-278 size-medium\" src=\"https:\/\/www.knowg.com\/mbu\/wp-content\/uploads\/2015\/11\/K\u00f6nig-und-K\u00f6nigin-225x300.jpg\" alt=\"K\u00f6nig und K\u00f6nigin\" width=\"225\" height=\"300\" srcset=\"https:\/\/www.knowg.com\/mbu\/wp-content\/uploads\/2015\/11\/K\u00f6nig-und-K\u00f6nigin-225x300.jpg 225w, https:\/\/www.knowg.com\/mbu\/wp-content\/uploads\/2015\/11\/K\u00f6nig-und-K\u00f6nigin-768x1024.jpg 768w, https:\/\/www.knowg.com\/mbu\/wp-content\/uploads\/2015\/11\/K\u00f6nig-und-K\u00f6nigin.jpg 960w\" sizes=\"auto, (max-width: 225px) 100vw, 225px\" \/><\/a><\/p>\n","protected":false},"excerpt":{"rendered":"<p>M\u00e4rchen nach Gebr\u00fcder Grimm (ab 5 Jahren) Inszenierung und Regie: Ji\u0159\u1f77 Jaro\u0161 Dieses bekannte M\u00e4rchen ist in Zusammenarbeit mit unserem langj\u00e4hrigen Regisseur\u00a0Ji\u0159\u1f77 Jaro\u0161 aus Prag entstanden. Die ganze Inszenierung spielt im Barockzeitalter und ist entsprechend reichhaltig ausgestattet. Musikalisch untermalt wird das M\u00e4rchen durch Kl\u00e4nge von Peter Tschaikowsky. \u00a0 \u00a0 \u00a0\u00a0\u00a0<\/p>\n","protected":false},"author":1,"featured_media":0,"parent":0,"menu_order":0,"comment_status":"closed","ping_status":"open","template":"","meta":{"footnotes":""},"class_list":["post-206","page","type-page","status-publish","hentry"],"_links":{"self":[{"href":"https:\/\/www.knowg.com\/mbu\/wp-json\/wp\/v2\/pages\/206","targetHints":{"allow":["GET"]}}],"collection":[{"href":"https:\/\/www.knowg.com\/mbu\/wp-json\/wp\/v2\/pages"}],"about":[{"href":"https:\/\/www.knowg.com\/mbu\/wp-json\/wp\/v2\/types\/page"}],"author":[{"embeddable":true,"href":"https:\/\/www.knowg.com\/mbu\/wp-json\/wp\/v2\/users\/1"}],"replies":[{"embeddable":true,"href":"https:\/\/www.knowg.com\/mbu\/wp-json\/wp\/v2\/comments?post=206"}],"version-history":[{"count":12,"href":"https:\/\/www.knowg.com\/mbu\/wp-json\/wp\/v2\/pages\/206\/revisions"}],"predecessor-version":[{"id":378,"href":"https:\/\/www.knowg.com\/mbu\/wp-json\/wp\/v2\/pages\/206\/revisions\/378"}],"wp:attachment":[{"href":"https:\/\/www.knowg.com\/mbu\/wp-json\/wp\/v2\/media?parent=206"}],"curies":[{"name":"wp","href":"https:\/\/api.w.org\/{rel}","templated":true}]}}