{"id":215,"date":"2015-08-18T20:38:21","date_gmt":"2015-08-18T20:38:21","guid":{"rendered":"http:\/\/www.regulationmaster.com\/mbu\/?page_id=215"},"modified":"2019-11-03T08:13:48","modified_gmt":"2019-11-03T08:13:48","slug":"nicolette","status":"publish","type":"page","link":"https:\/\/www.knowg.com\/mbu\/nicolette\/","title":{"rendered":"Aucassin und Nicolette"},"content":{"rendered":"<p><strong>Nach dem gleichnamigen B\u00fchnenst\u00fcck von Walther Teich<\/strong><br \/>\n<strong>Inszenierung und Regie: Wilhelm Preetorius<\/strong><\/p>\n<p>Diese altfranz\u00f6siche Ritterfabel dreht sich um die Liebe zwischen dem Grafensohn Aucassin und Nicolette, der Pflegetochter des Hofmarschalls. Die Eltern des Junkers versuchen jedoch eine Liaison mit allen erdenklichen Intrigen zu verhindern. Viele Wirrungen und Pr\u00fcfungen warten auf das Liebespaar.<\/p>\n<p><a href=\"https:\/\/www.knowg.com\/mbu\/wp-content\/uploads\/2019\/11\/AN2.jpg\"><img loading=\"lazy\" decoding=\"async\" class=\"alignnone  wp-image-611\" src=\"https:\/\/www.knowg.com\/mbu\/wp-content\/uploads\/2019\/11\/AN2.jpg\" alt=\"\" width=\"187\" height=\"250\" srcset=\"https:\/\/www.knowg.com\/mbu\/wp-content\/uploads\/2019\/11\/AN2.jpg 695w, https:\/\/www.knowg.com\/mbu\/wp-content\/uploads\/2019\/11\/AN2-224x300.jpg 224w\" sizes=\"auto, (max-width: 187px) 100vw, 187px\" \/> <\/a><a href=\"https:\/\/www.knowg.com\/mbu\/wp-content\/uploads\/2015\/08\/nicolette2.jpg\"><img loading=\"lazy\" decoding=\"async\" class=\"alignnone wp-image-213 \" src=\"https:\/\/www.knowg.com\/mbu\/wp-content\/uploads\/2015\/08\/nicolette2.jpg\" alt=\"nicolette2\" width=\"188\" height=\"248\" \/><\/a><\/p>\n<p><strong><a href=\"https:\/\/www.knowg.com\/mbu\/wp-content\/uploads\/2019\/11\/AN1.jpg\"><img loading=\"lazy\" decoding=\"async\" class=\"alignnone  wp-image-606\" src=\"https:\/\/www.knowg.com\/mbu\/wp-content\/uploads\/2019\/11\/AN1-768x1024.jpg\" alt=\"\" width=\"186\" height=\"248\" srcset=\"https:\/\/www.knowg.com\/mbu\/wp-content\/uploads\/2019\/11\/AN1-768x1024.jpg 768w, https:\/\/www.knowg.com\/mbu\/wp-content\/uploads\/2019\/11\/AN1-225x300.jpg 225w, https:\/\/www.knowg.com\/mbu\/wp-content\/uploads\/2019\/11\/AN1.jpg 1536w\" sizes=\"auto, (max-width: 186px) 100vw, 186px\" \/> <\/a><\/strong><a href=\"https:\/\/www.knowg.com\/mbu\/wp-content\/uploads\/2015\/08\/nicolette1.jpg\"><img loading=\"lazy\" decoding=\"async\" class=\"alignnone wp-image-214 size-full\" src=\"https:\/\/www.knowg.com\/mbu\/wp-content\/uploads\/2015\/08\/nicolette1.jpg\" alt=\"nicolette1\" width=\"180\" height=\"130\" \/><\/a><\/p>\n","protected":false},"excerpt":{"rendered":"<p>Nach dem gleichnamigen B\u00fchnenst\u00fcck von Walther Teich Inszenierung und Regie: Wilhelm Preetorius Diese altfranz\u00f6siche Ritterfabel dreht sich um die Liebe zwischen dem Grafensohn Aucassin und Nicolette, der Pflegetochter des Hofmarschalls. Die Eltern des Junkers versuchen jedoch eine Liaison mit allen erdenklichen Intrigen zu verhindern. Viele Wirrungen und Pr\u00fcfungen warten auf das Liebespaar.<\/p>\n","protected":false},"author":1,"featured_media":0,"parent":0,"menu_order":0,"comment_status":"closed","ping_status":"open","template":"","meta":{"footnotes":""},"class_list":["post-215","page","type-page","status-publish","hentry"],"_links":{"self":[{"href":"https:\/\/www.knowg.com\/mbu\/wp-json\/wp\/v2\/pages\/215","targetHints":{"allow":["GET"]}}],"collection":[{"href":"https:\/\/www.knowg.com\/mbu\/wp-json\/wp\/v2\/pages"}],"about":[{"href":"https:\/\/www.knowg.com\/mbu\/wp-json\/wp\/v2\/types\/page"}],"author":[{"embeddable":true,"href":"https:\/\/www.knowg.com\/mbu\/wp-json\/wp\/v2\/users\/1"}],"replies":[{"embeddable":true,"href":"https:\/\/www.knowg.com\/mbu\/wp-json\/wp\/v2\/comments?post=215"}],"version-history":[{"count":5,"href":"https:\/\/www.knowg.com\/mbu\/wp-json\/wp\/v2\/pages\/215\/revisions"}],"predecessor-version":[{"id":612,"href":"https:\/\/www.knowg.com\/mbu\/wp-json\/wp\/v2\/pages\/215\/revisions\/612"}],"wp:attachment":[{"href":"https:\/\/www.knowg.com\/mbu\/wp-json\/wp\/v2\/media?parent=215"}],"curies":[{"name":"wp","href":"https:\/\/api.w.org\/{rel}","templated":true}]}}