{"id":228,"date":"2015-08-18T20:45:35","date_gmt":"2015-08-18T20:45:35","guid":{"rendered":"http:\/\/www.regulationmaster.com\/mbu\/?page_id=228"},"modified":"2016-05-01T21:26:12","modified_gmt":"2016-05-01T21:26:12","slug":"konig-hirsch","status":"publish","type":"page","link":"https:\/\/www.knowg.com\/mbu\/konig-hirsch\/","title":{"rendered":"K\u00f6nig Hirsch"},"content":{"rendered":"<p><strong><span style=\"color: #000000; font-family: Calibri;\">Eine Tragikom\u00f6die mit Musik von\u00a0Hans Werner Henze<br \/>\n<\/span><span style=\"color: #000000; font-family: Calibri;\">Inszenierung und Regie: Ji\u0159\u1f77 Jaro\u0161<\/span><\/strong><\/p>\n<p><span style=\"color: #000000; font-family: Calibri;\">Mit Hilfe einer Statue findet K\u00f6nig Deramo die Frau, die ihn treu und ehrlich liebt. Unbeabsichtigt tauscht er seine Gestalt ein gegen den K\u00f6rper eines Hirsches. Nun beginnt ein Intrigenspiel seines ersten Ministers Tartaglia, der den Thron besteigt und auch die Braut des K\u00f6nigs begehrt<\/span>.<\/p>\n<p><a href=\"https:\/\/www.knowg.com\/mbu\/wp-content\/uploads\/2016\/05\/DSCN1739-1.jpg\"><img loading=\"lazy\" decoding=\"async\" class=\"alignnone  wp-image-432\" src=\"https:\/\/www.knowg.com\/mbu\/wp-content\/uploads\/2016\/05\/DSCN1739-1-768x1024.jpg\" alt=\"DSCN1739\" width=\"270\" height=\"360\" srcset=\"https:\/\/www.knowg.com\/mbu\/wp-content\/uploads\/2016\/05\/DSCN1739-1-768x1024.jpg 768w, https:\/\/www.knowg.com\/mbu\/wp-content\/uploads\/2016\/05\/DSCN1739-1-225x300.jpg 225w, https:\/\/www.knowg.com\/mbu\/wp-content\/uploads\/2016\/05\/DSCN1739-1.jpg 1944w\" sizes=\"auto, (max-width: 270px) 100vw, 270px\" \/><\/a> <a href=\"https:\/\/www.knowg.com\/mbu\/wp-content\/uploads\/2016\/05\/SAM_7617.jpg\"><img loading=\"lazy\" decoding=\"async\" class=\"alignnone  wp-image-426\" src=\"https:\/\/www.knowg.com\/mbu\/wp-content\/uploads\/2016\/05\/SAM_7617-768x1024.jpg\" alt=\"SAM_7617\" width=\"271\" height=\"362\" srcset=\"https:\/\/www.knowg.com\/mbu\/wp-content\/uploads\/2016\/05\/SAM_7617-768x1024.jpg 768w, https:\/\/www.knowg.com\/mbu\/wp-content\/uploads\/2016\/05\/SAM_7617-225x300.jpg 225w, https:\/\/www.knowg.com\/mbu\/wp-content\/uploads\/2016\/05\/SAM_7617.jpg 1944w\" sizes=\"auto, (max-width: 271px) 100vw, 271px\" \/><\/a> <a href=\"https:\/\/www.knowg.com\/mbu\/wp-content\/uploads\/2016\/05\/SAM_7614.jpg\"><img loading=\"lazy\" decoding=\"async\" class=\"alignnone  wp-image-423\" src=\"https:\/\/www.knowg.com\/mbu\/wp-content\/uploads\/2016\/05\/SAM_7614-768x1024.jpg\" alt=\"SAM_7614\" width=\"271\" height=\"361\" srcset=\"https:\/\/www.knowg.com\/mbu\/wp-content\/uploads\/2016\/05\/SAM_7614-768x1024.jpg 768w, https:\/\/www.knowg.com\/mbu\/wp-content\/uploads\/2016\/05\/SAM_7614-225x300.jpg 225w, https:\/\/www.knowg.com\/mbu\/wp-content\/uploads\/2016\/05\/SAM_7614.jpg 1944w\" sizes=\"auto, (max-width: 271px) 100vw, 271px\" \/>\u00a0<\/a><a href=\"https:\/\/www.knowg.com\/mbu\/wp-content\/uploads\/2016\/05\/DSCN1735.jpg\"><img loading=\"lazy\" decoding=\"async\" class=\"alignnone  wp-image-428\" src=\"https:\/\/www.knowg.com\/mbu\/wp-content\/uploads\/2016\/05\/DSCN1735-768x1024.jpg\" alt=\"DSCN1735\" width=\"270\" height=\"360\" srcset=\"https:\/\/www.knowg.com\/mbu\/wp-content\/uploads\/2016\/05\/DSCN1735-768x1024.jpg 768w, https:\/\/www.knowg.com\/mbu\/wp-content\/uploads\/2016\/05\/DSCN1735-225x300.jpg 225w, https:\/\/www.knowg.com\/mbu\/wp-content\/uploads\/2016\/05\/DSCN1735.jpg 1944w\" sizes=\"auto, (max-width: 270px) 100vw, 270px\" \/><\/a><\/p>\n<p><a href=\"https:\/\/www.knowg.com\/mbu\/wp-content\/uploads\/2016\/05\/SAM_7615.jpg\"><img loading=\"lazy\" decoding=\"async\" class=\"alignnone  wp-image-424\" src=\"https:\/\/www.knowg.com\/mbu\/wp-content\/uploads\/2016\/05\/SAM_7615-1024x768.jpg\" alt=\"SAM_7615\" width=\"543\" height=\"407\" srcset=\"https:\/\/www.knowg.com\/mbu\/wp-content\/uploads\/2016\/05\/SAM_7615-1024x768.jpg 1024w, https:\/\/www.knowg.com\/mbu\/wp-content\/uploads\/2016\/05\/SAM_7615-300x225.jpg 300w, https:\/\/www.knowg.com\/mbu\/wp-content\/uploads\/2016\/05\/SAM_7615-768x576.jpg 768w\" sizes=\"auto, (max-width: 543px) 100vw, 543px\" \/><\/a> <a href=\"https:\/\/www.knowg.com\/mbu\/wp-content\/uploads\/2016\/05\/SAM_7608.jpg\"><img loading=\"lazy\" decoding=\"async\" class=\"alignnone  wp-image-418\" src=\"https:\/\/www.knowg.com\/mbu\/wp-content\/uploads\/2016\/05\/SAM_7608-1024x768.jpg\" alt=\"SAM_7608\" width=\"543\" height=\"407\" srcset=\"https:\/\/www.knowg.com\/mbu\/wp-content\/uploads\/2016\/05\/SAM_7608-1024x768.jpg 1024w, https:\/\/www.knowg.com\/mbu\/wp-content\/uploads\/2016\/05\/SAM_7608-300x225.jpg 300w, https:\/\/www.knowg.com\/mbu\/wp-content\/uploads\/2016\/05\/SAM_7608-768x576.jpg 768w\" sizes=\"auto, (max-width: 543px) 100vw, 543px\" \/><\/a> <a href=\"https:\/\/www.knowg.com\/mbu\/wp-content\/uploads\/2016\/05\/DSCN1746.jpg\"><img loading=\"lazy\" decoding=\"async\" class=\"alignnone  wp-image-413\" src=\"https:\/\/www.knowg.com\/mbu\/wp-content\/uploads\/2016\/05\/DSCN1746-768x1024.jpg\" alt=\"DSCN1746\" width=\"272\" height=\"363\" srcset=\"https:\/\/www.knowg.com\/mbu\/wp-content\/uploads\/2016\/05\/DSCN1746-768x1024.jpg 768w, https:\/\/www.knowg.com\/mbu\/wp-content\/uploads\/2016\/05\/DSCN1746-225x300.jpg 225w, https:\/\/www.knowg.com\/mbu\/wp-content\/uploads\/2016\/05\/DSCN1746.jpg 1944w\" sizes=\"auto, (max-width: 272px) 100vw, 272px\" \/><\/a> <a href=\"https:\/\/www.knowg.com\/mbu\/wp-content\/uploads\/2016\/05\/SAM_7610.jpg\"><img loading=\"lazy\" decoding=\"async\" class=\"alignnone  wp-image-420\" src=\"https:\/\/www.knowg.com\/mbu\/wp-content\/uploads\/2016\/05\/SAM_7610-768x1024.jpg\" alt=\"SAM_7610\" width=\"270\" height=\"360\" srcset=\"https:\/\/www.knowg.com\/mbu\/wp-content\/uploads\/2016\/05\/SAM_7610-768x1024.jpg 768w, https:\/\/www.knowg.com\/mbu\/wp-content\/uploads\/2016\/05\/SAM_7610-225x300.jpg 225w, https:\/\/www.knowg.com\/mbu\/wp-content\/uploads\/2016\/05\/SAM_7610.jpg 1944w\" sizes=\"auto, (max-width: 270px) 100vw, 270px\" \/><\/a><\/p>\n<p>&nbsp;<\/p>\n","protected":false},"excerpt":{"rendered":"<p>Eine Tragikom\u00f6die mit Musik von\u00a0Hans Werner Henze Inszenierung und Regie: Ji\u0159\u1f77 Jaro\u0161 Mit Hilfe einer Statue findet K\u00f6nig Deramo die Frau, die ihn treu und ehrlich liebt. Unbeabsichtigt tauscht er seine Gestalt ein gegen den K\u00f6rper eines Hirsches. Nun beginnt ein Intrigenspiel seines ersten Ministers Tartaglia, der den Thron besteigt und auch die Braut des &hellip; <a href=\"https:\/\/www.knowg.com\/mbu\/konig-hirsch\/\" class=\"more-link\"><span class=\"screen-reader-text\">K\u00f6nig Hirsch<\/span> weiterlesen <span class=\"meta-nav\">&rarr;<\/span><\/a><\/p>\n","protected":false},"author":1,"featured_media":0,"parent":0,"menu_order":0,"comment_status":"closed","ping_status":"open","template":"","meta":{"footnotes":""},"class_list":["post-228","page","type-page","status-publish","hentry"],"_links":{"self":[{"href":"https:\/\/www.knowg.com\/mbu\/wp-json\/wp\/v2\/pages\/228","targetHints":{"allow":["GET"]}}],"collection":[{"href":"https:\/\/www.knowg.com\/mbu\/wp-json\/wp\/v2\/pages"}],"about":[{"href":"https:\/\/www.knowg.com\/mbu\/wp-json\/wp\/v2\/types\/page"}],"author":[{"embeddable":true,"href":"https:\/\/www.knowg.com\/mbu\/wp-json\/wp\/v2\/users\/1"}],"replies":[{"embeddable":true,"href":"https:\/\/www.knowg.com\/mbu\/wp-json\/wp\/v2\/comments?post=228"}],"version-history":[{"count":6,"href":"https:\/\/www.knowg.com\/mbu\/wp-json\/wp\/v2\/pages\/228\/revisions"}],"predecessor-version":[{"id":437,"href":"https:\/\/www.knowg.com\/mbu\/wp-json\/wp\/v2\/pages\/228\/revisions\/437"}],"wp:attachment":[{"href":"https:\/\/www.knowg.com\/mbu\/wp-json\/wp\/v2\/media?parent=228"}],"curies":[{"name":"wp","href":"https:\/\/api.w.org\/{rel}","templated":true}]}}