{"id":231,"date":"2015-08-18T20:48:09","date_gmt":"2015-08-18T20:48:09","guid":{"rendered":"http:\/\/www.regulationmaster.com\/mbu\/?page_id=231"},"modified":"2016-01-09T18:45:41","modified_gmt":"2016-01-09T18:45:41","slug":"galathee","status":"publish","type":"page","link":"https:\/\/www.knowg.com\/mbu\/galathee\/","title":{"rendered":"Die sch\u00f6ne Galath\u00e9e"},"content":{"rendered":"<p><strong>Eine Paraphrase zur gleichnamigen mythologischen Operette von Franz von Supp\u00e9<\/strong><br \/>\n<strong>Inszenierung und Regie: Ji\u0159\u1f77 Jaro\u0161<\/strong><\/p>\n<p>Die vom Bildhauer Pygmalion erschaffene Statue wird durch die G\u00f6tter auf dem Olymp zum Leben erweckt und treibt die M\u00e4nner auf der Erde mit ihrer Koketterie fast zum Wahnsinn. Erst, als Venus sie wieder zu Stein erstarren l\u00e4sst, kehrt Ruhe und Ordnung unter den griechischen M\u00e4nnern ein.<\/p>\n<p><a href=\"https:\/\/www.knowg.com\/mbu\/wp-content\/uploads\/2015\/08\/galathee1.jpg\"><img loading=\"lazy\" decoding=\"async\" class=\"alignnone wp-image-227 size-full\" src=\"https:\/\/www.knowg.com\/mbu\/wp-content\/uploads\/2015\/08\/galathee1.jpg\" alt=\"galathee1\" width=\"180\" height=\"236\" \/><\/a> <a href=\"https:\/\/www.knowg.com\/mbu\/wp-content\/uploads\/2015\/08\/galathee2.jpg\"><img loading=\"lazy\" decoding=\"async\" class=\"alignnone wp-image-226 size-full\" src=\"https:\/\/www.knowg.com\/mbu\/wp-content\/uploads\/2015\/08\/galathee2.jpg\" alt=\"galathee2\" width=\"180\" height=\"236\" \/><\/a><\/p>\n","protected":false},"excerpt":{"rendered":"<p>Eine Paraphrase zur gleichnamigen mythologischen Operette von Franz von Supp\u00e9 Inszenierung und Regie: Ji\u0159\u1f77 Jaro\u0161 Die vom Bildhauer Pygmalion erschaffene Statue wird durch die G\u00f6tter auf dem Olymp zum Leben erweckt und treibt die M\u00e4nner auf der Erde mit ihrer Koketterie fast zum Wahnsinn. Erst, als Venus sie wieder zu Stein erstarren l\u00e4sst, kehrt Ruhe &hellip; <a href=\"https:\/\/www.knowg.com\/mbu\/galathee\/\" class=\"more-link\"><span class=\"screen-reader-text\">Die sch\u00f6ne Galath\u00e9e<\/span> weiterlesen <span class=\"meta-nav\">&rarr;<\/span><\/a><\/p>\n","protected":false},"author":1,"featured_media":0,"parent":0,"menu_order":0,"comment_status":"closed","ping_status":"open","template":"","meta":{"footnotes":""},"class_list":["post-231","page","type-page","status-publish","hentry"],"_links":{"self":[{"href":"https:\/\/www.knowg.com\/mbu\/wp-json\/wp\/v2\/pages\/231","targetHints":{"allow":["GET"]}}],"collection":[{"href":"https:\/\/www.knowg.com\/mbu\/wp-json\/wp\/v2\/pages"}],"about":[{"href":"https:\/\/www.knowg.com\/mbu\/wp-json\/wp\/v2\/types\/page"}],"author":[{"embeddable":true,"href":"https:\/\/www.knowg.com\/mbu\/wp-json\/wp\/v2\/users\/1"}],"replies":[{"embeddable":true,"href":"https:\/\/www.knowg.com\/mbu\/wp-json\/wp\/v2\/comments?post=231"}],"version-history":[{"count":5,"href":"https:\/\/www.knowg.com\/mbu\/wp-json\/wp\/v2\/pages\/231\/revisions"}],"predecessor-version":[{"id":369,"href":"https:\/\/www.knowg.com\/mbu\/wp-json\/wp\/v2\/pages\/231\/revisions\/369"}],"wp:attachment":[{"href":"https:\/\/www.knowg.com\/mbu\/wp-json\/wp\/v2\/media?parent=231"}],"curies":[{"name":"wp","href":"https:\/\/api.w.org\/{rel}","templated":true}]}}