{"id":842,"date":"2024-04-21T13:16:52","date_gmt":"2024-04-21T13:16:52","guid":{"rendered":"https:\/\/www.knowg.com\/mbu\/?page_id=842"},"modified":"2024-04-21T21:31:39","modified_gmt":"2024-04-21T21:31:39","slug":"kalif-storch","status":"publish","type":"page","link":"https:\/\/www.knowg.com\/mbu\/kalif-storch\/","title":{"rendered":"Kalif Storch"},"content":{"rendered":"<p><b>Nach einem M\u00e4rchen von Wilhelm Hauff &#8211; f\u00fcr Kinder ab 5 Jahren<br \/>\n<\/b><strong>Inszenierung und Regie: Christian Str\u00e4ssle<\/strong><\/p>\n<p>Kalif Chasid und sein Grosswesir Mansur werden vom b\u00f6sen Zauberer Kaschnuur \u00fcberlistet und verwandeln sich in St\u00f6rche. Sie machen sich auf zu einer langen, abenteuerlichen Reise. Wird es ihnen gelingen, den machthungrigen Kaschnuur zu besiegen?<\/p>\n<p><a href=\"https:\/\/www.knowg.com\/mbu\/wp-content\/uploads\/2024\/04\/2020-11-05-MBU-Kalender_015-scaled.jpg\"><img loading=\"lazy\" decoding=\"async\" class=\"alignnone size-large wp-image-850\" src=\"https:\/\/www.knowg.com\/mbu\/wp-content\/uploads\/2024\/04\/2020-11-05-MBU-Kalender_015-683x1024.jpg\" alt=\"\" width=\"604\" height=\"906\" srcset=\"https:\/\/www.knowg.com\/mbu\/wp-content\/uploads\/2024\/04\/2020-11-05-MBU-Kalender_015-683x1024.jpg 683w, https:\/\/www.knowg.com\/mbu\/wp-content\/uploads\/2024\/04\/2020-11-05-MBU-Kalender_015-200x300.jpg 200w, https:\/\/www.knowg.com\/mbu\/wp-content\/uploads\/2024\/04\/2020-11-05-MBU-Kalender_015-768x1152.jpg 768w, https:\/\/www.knowg.com\/mbu\/wp-content\/uploads\/2024\/04\/2020-11-05-MBU-Kalender_015-1024x1536.jpg 1024w, https:\/\/www.knowg.com\/mbu\/wp-content\/uploads\/2024\/04\/2020-11-05-MBU-Kalender_015-1366x2048.jpg 1366w, https:\/\/www.knowg.com\/mbu\/wp-content\/uploads\/2024\/04\/2020-11-05-MBU-Kalender_015-scaled.jpg 1707w\" sizes=\"auto, (max-width: 604px) 100vw, 604px\" \/><\/a><\/p>\n<p style=\"text-align: center;\"><a href=\"https:\/\/www.knowg.com\/mbu\/wp-content\/uploads\/2022\/01\/Bild-2-scaled.jpg\"><img loading=\"lazy\" decoding=\"async\" class=\"alignnone wp-image-679\" src=\"https:\/\/www.knowg.com\/mbu\/wp-content\/uploads\/2022\/01\/Bild-2-514x1024.jpg\" alt=\"\" width=\"279\" height=\"556\" srcset=\"https:\/\/www.knowg.com\/mbu\/wp-content\/uploads\/2022\/01\/Bild-2-514x1024.jpg 514w, https:\/\/www.knowg.com\/mbu\/wp-content\/uploads\/2022\/01\/Bild-2-151x300.jpg 151w, https:\/\/www.knowg.com\/mbu\/wp-content\/uploads\/2022\/01\/Bild-2-768x1529.jpg 768w, https:\/\/www.knowg.com\/mbu\/wp-content\/uploads\/2022\/01\/Bild-2-771x1536.jpg 771w, https:\/\/www.knowg.com\/mbu\/wp-content\/uploads\/2022\/01\/Bild-2-1028x2048.jpg 1028w, https:\/\/www.knowg.com\/mbu\/wp-content\/uploads\/2022\/01\/Bild-2-scaled.jpg 1286w\" sizes=\"auto, (max-width: 279px) 100vw, 279px\" \/> <\/a><a href=\"https:\/\/www.knowg.com\/mbu\/wp-content\/uploads\/2024\/04\/20210818_203607.jpg\"><img loading=\"lazy\" decoding=\"async\" class=\"alignnone wp-image-851\" src=\"https:\/\/www.knowg.com\/mbu\/wp-content\/uploads\/2024\/04\/20210818_203607-558x1024.jpg\" alt=\"\" width=\"303\" height=\"556\" srcset=\"https:\/\/www.knowg.com\/mbu\/wp-content\/uploads\/2024\/04\/20210818_203607-558x1024.jpg 558w, https:\/\/www.knowg.com\/mbu\/wp-content\/uploads\/2024\/04\/20210818_203607-164x300.jpg 164w, https:\/\/www.knowg.com\/mbu\/wp-content\/uploads\/2024\/04\/20210818_203607.jpg 577w\" sizes=\"auto, (max-width: 303px) 100vw, 303px\" \/><\/a><\/p>\n<p style=\"text-align: center;\"><a href=\"https:\/\/www.knowg.com\/mbu\/wp-content\/uploads\/2022\/01\/Bild-1-scaled.jpg\"><img loading=\"lazy\" decoding=\"async\" class=\"alignnone wp-image-678\" src=\"https:\/\/www.knowg.com\/mbu\/wp-content\/uploads\/2022\/01\/Bild-1-768x1024.jpg\" alt=\"\" width=\"318\" height=\"425\" srcset=\"https:\/\/www.knowg.com\/mbu\/wp-content\/uploads\/2022\/01\/Bild-1-768x1024.jpg 768w, https:\/\/www.knowg.com\/mbu\/wp-content\/uploads\/2022\/01\/Bild-1-225x300.jpg 225w, https:\/\/www.knowg.com\/mbu\/wp-content\/uploads\/2022\/01\/Bild-1-1152x1536.jpg 1152w, https:\/\/www.knowg.com\/mbu\/wp-content\/uploads\/2022\/01\/Bild-1-1537x2048.jpg 1537w, https:\/\/www.knowg.com\/mbu\/wp-content\/uploads\/2022\/01\/Bild-1-scaled.jpg 1921w\" sizes=\"auto, (max-width: 318px) 100vw, 318px\" \/><\/a><a href=\"https:\/\/www.knowg.com\/mbu\/wp-content\/uploads\/2024\/04\/IMG_0029-scaled.jpg\"><img loading=\"lazy\" decoding=\"async\" class=\"alignnone size-large wp-image-853\" src=\"https:\/\/www.knowg.com\/mbu\/wp-content\/uploads\/2024\/04\/IMG_0029-1024x768.jpg\" alt=\"\" width=\"604\" height=\"453\" srcset=\"https:\/\/www.knowg.com\/mbu\/wp-content\/uploads\/2024\/04\/IMG_0029-1024x768.jpg 1024w, https:\/\/www.knowg.com\/mbu\/wp-content\/uploads\/2024\/04\/IMG_0029-300x225.jpg 300w, https:\/\/www.knowg.com\/mbu\/wp-content\/uploads\/2024\/04\/IMG_0029-768x576.jpg 768w, https:\/\/www.knowg.com\/mbu\/wp-content\/uploads\/2024\/04\/IMG_0029-1536x1152.jpg 1536w, https:\/\/www.knowg.com\/mbu\/wp-content\/uploads\/2024\/04\/IMG_0029-2048x1536.jpg 2048w\" sizes=\"auto, (max-width: 604px) 100vw, 604px\" \/><\/a><\/p>\n","protected":false},"excerpt":{"rendered":"<p>Nach einem M\u00e4rchen von Wilhelm Hauff &#8211; f\u00fcr Kinder ab 5 Jahren Inszenierung und Regie: Christian Str\u00e4ssle Kalif Chasid und sein Grosswesir Mansur werden vom b\u00f6sen Zauberer Kaschnuur \u00fcberlistet und verwandeln sich in St\u00f6rche. Sie machen sich auf zu einer langen, abenteuerlichen Reise. Wird es ihnen gelingen, den machthungrigen Kaschnuur zu besiegen?<\/p>\n","protected":false},"author":1,"featured_media":0,"parent":0,"menu_order":0,"comment_status":"closed","ping_status":"closed","template":"","meta":{"footnotes":""},"class_list":["post-842","page","type-page","status-publish","hentry"],"_links":{"self":[{"href":"https:\/\/www.knowg.com\/mbu\/wp-json\/wp\/v2\/pages\/842","targetHints":{"allow":["GET"]}}],"collection":[{"href":"https:\/\/www.knowg.com\/mbu\/wp-json\/wp\/v2\/pages"}],"about":[{"href":"https:\/\/www.knowg.com\/mbu\/wp-json\/wp\/v2\/types\/page"}],"author":[{"embeddable":true,"href":"https:\/\/www.knowg.com\/mbu\/wp-json\/wp\/v2\/users\/1"}],"replies":[{"embeddable":true,"href":"https:\/\/www.knowg.com\/mbu\/wp-json\/wp\/v2\/comments?post=842"}],"version-history":[{"count":8,"href":"https:\/\/www.knowg.com\/mbu\/wp-json\/wp\/v2\/pages\/842\/revisions"}],"predecessor-version":[{"id":859,"href":"https:\/\/www.knowg.com\/mbu\/wp-json\/wp\/v2\/pages\/842\/revisions\/859"}],"wp:attachment":[{"href":"https:\/\/www.knowg.com\/mbu\/wp-json\/wp\/v2\/media?parent=842"}],"curies":[{"name":"wp","href":"https:\/\/api.w.org\/{rel}","templated":true}]}}